{"id":35,"date":"2018-04-24T10:17:41","date_gmt":"2018-04-24T08:17:41","guid":{"rendered":"http:\/\/pkp70tt.pl\/?page_id=35"},"modified":"2018-04-24T12:55:34","modified_gmt":"2018-04-24T10:55:34","slug":"nasze-makiety","status":"publish","type":"page","link":"http:\/\/pkp70tt.pl\/?page_id=35","title":{"rendered":"Nasze makiety"},"content":{"rendered":"<p>Nasze makiety wykonane s\u0105 zgodnie ze &#8222;Sttandardem&#8221; &#8211; polsk\u0105 norm\u0105 dla makiet modu\u0142owych wielko\u015bci TT (\u00a0<a href=\"http:\/\/www.sttandard.org.pl\" target=\"_blank\" rel=\"noopener\">http:\/\/www.sttandard.org.pl\u00a0<\/a>) i przystosowane do cel\u00f3w wystawienniczych. Obecnie dysponujemy 3 stacjami: Giemolewo, Kamionko i Zbo\u017c\u0119szczyn oraz ok. 10 m. szlaku. Dodatkowo na potrzeby wystaw wykonali\u015bmy dwie pi\u0119ciotorowe stacje techniczne.<\/p>\n<p>GIEMOLEWO<\/p>\n<p><a href=\"http:\/\/pkp70tt.pl\/wp-content\/uploads\/2018\/04\/gie.jpg\" target=\"_blank\" rel=\"noopener\"><img loading=\"lazy\" decoding=\"async\" class=\"alignnone wp-image-82 size-medium\" src=\"http:\/\/pkp70tt.pl\/wp-content\/uploads\/2018\/04\/gie-300x88.jpg\" alt=\"\" width=\"300\" height=\"88\" srcset=\"http:\/\/pkp70tt.pl\/wp-content\/uploads\/2018\/04\/gie-300x88.jpg 300w, http:\/\/pkp70tt.pl\/wp-content\/uploads\/2018\/04\/gie-768x224.jpg 768w, http:\/\/pkp70tt.pl\/wp-content\/uploads\/2018\/04\/gie-1024x299.jpg 1024w\" sizes=\"(max-width: 300px) 100vw, 300px\" \/><\/a><\/p>\n<p>&nbsp;<\/p>\n<p>KAMIONKO<\/p>\n<p><a href=\"http:\/\/pkp70tt.pl\/wp-content\/uploads\/2018\/04\/kam.jpg\" target=\"_blank\" rel=\"noopener\"><img loading=\"lazy\" decoding=\"async\" class=\"alignnone wp-image-83 size-medium\" src=\"http:\/\/pkp70tt.pl\/wp-content\/uploads\/2018\/04\/kam-300x45.jpg\" alt=\"\" width=\"300\" height=\"45\" srcset=\"http:\/\/pkp70tt.pl\/wp-content\/uploads\/2018\/04\/kam-300x45.jpg 300w, http:\/\/pkp70tt.pl\/wp-content\/uploads\/2018\/04\/kam-768x116.jpg 768w, http:\/\/pkp70tt.pl\/wp-content\/uploads\/2018\/04\/kam-1024x154.jpg 1024w\" sizes=\"(max-width: 300px) 100vw, 300px\" \/><\/a><\/p>\n<p>&nbsp;<\/p>\n<p>ZBO\u017b\u0118SZCZYN<\/p>\n<p><a href=\"http:\/\/pkp70tt.pl\/wp-content\/uploads\/2018\/04\/zbo.jpg\" target=\"_blank\" rel=\"noopener\"><img loading=\"lazy\" decoding=\"async\" class=\"alignnone wp-image-84 size-medium\" src=\"http:\/\/pkp70tt.pl\/wp-content\/uploads\/2018\/04\/zbo-300x38.jpg\" alt=\"\" width=\"300\" height=\"38\" srcset=\"http:\/\/pkp70tt.pl\/wp-content\/uploads\/2018\/04\/zbo-300x38.jpg 300w, http:\/\/pkp70tt.pl\/wp-content\/uploads\/2018\/04\/zbo-768x96.jpg 768w, http:\/\/pkp70tt.pl\/wp-content\/uploads\/2018\/04\/zbo-1024x129.jpg 1024w\" sizes=\"(max-width: 300px) 100vw, 300px\" \/><\/a><\/p>\n","protected":false},"excerpt":{"rendered":"<p>Nasze makiety wykonane s\u0105 zgodnie ze &#8222;Sttandardem&#8221; &#8211; polsk\u0105 norm\u0105 dla makiet modu\u0142owych wielko\u015bci TT (\u00a0http:\/\/www.sttandard.org.pl\u00a0) i przystosowane do cel\u00f3w wystawienniczych. Obecnie dysponujemy 3 stacjami: Giemolewo, Kamionko i Zbo\u017c\u0119szczyn oraz ok. 10 m. szlaku. Dodatkowo na potrzeby wystaw wykonali\u015bmy dwie pi\u0119ciotorowe stacje techniczne. GIEMOLEWO &nbsp; KAMIONKO &nbsp; ZBO\u017b\u0118SZCZYN<\/p>\n","protected":false},"author":1,"featured_media":0,"parent":0,"menu_order":0,"comment_status":"closed","ping_status":"closed","template":"","meta":{"footnotes":""},"_links":{"self":[{"href":"http:\/\/pkp70tt.pl\/index.php?rest_route=\/wp\/v2\/pages\/35"}],"collection":[{"href":"http:\/\/pkp70tt.pl\/index.php?rest_route=\/wp\/v2\/pages"}],"about":[{"href":"http:\/\/pkp70tt.pl\/index.php?rest_route=\/wp\/v2\/types\/page"}],"author":[{"embeddable":true,"href":"http:\/\/pkp70tt.pl\/index.php?rest_route=\/wp\/v2\/users\/1"}],"replies":[{"embeddable":true,"href":"http:\/\/pkp70tt.pl\/index.php?rest_route=%2Fwp%2Fv2%2Fcomments&post=35"}],"version-history":[{"count":6,"href":"http:\/\/pkp70tt.pl\/index.php?rest_route=\/wp\/v2\/pages\/35\/revisions"}],"predecessor-version":[{"id":80,"href":"http:\/\/pkp70tt.pl\/index.php?rest_route=\/wp\/v2\/pages\/35\/revisions\/80"}],"wp:attachment":[{"href":"http:\/\/pkp70tt.pl\/index.php?rest_route=%2Fwp%2Fv2%2Fmedia&parent=35"}],"curies":[{"name":"wp","href":"https:\/\/api.w.org\/{rel}","templated":true}]}}